{"id":10,"date":"2024-01-25T10:06:01","date_gmt":"2024-01-25T09:06:01","guid":{"rendered":"https:\/\/vodapreteba.sk\/?page_id=10"},"modified":"2024-02-05T16:56:15","modified_gmt":"2024-02-05T15:56:15","slug":"produkty","status":"publish","type":"page","link":"https:\/\/bimmslovakia.sk\/en\/produkty\/","title":{"rendered":"Products"},"content":{"rendered":"<div class=\"wpb-content-wrapper\"><div class=\"vc_row wpb_row vc_row-fluid\"><div class=\"wpb_column vc_column_container vc_col-sm-12 vc_col-has-fill\"><div class=\"vc_column-inner vc_custom_1707071613962\"><div class=\"wpb_wrapper\">\n\t<div class=\"wpb_text_column wpb_content_element\" >\n\t\t<div class=\"wpb_wrapper\">\n\t\t\t<h4>FOCUSED ON <span style=\"color: #ff0000;\">TECHNICAL INNOVATION<\/span>, IMPROVE CUSTOMER COMPETITIVNESS<\/h4>\n<p>Here you can find an overview of all our products.<\/p>\n\n\t\t<\/div>\n\t<\/div>\n<div class=\"vc_separator wpb_content_element vc_separator_align_center vc_sep_width_100 vc_sep_pos_align_center vc_separator_no_text\" ><span class=\"vc_sep_holder vc_sep_holder_l\"><span style=\"border-color:#d1d1d1;\" class=\"vc_sep_line\"><\/span><\/span><span class=\"vc_sep_holder vc_sep_holder_r\"><span style=\"border-color:#d1d1d1;\" class=\"vc_sep_line\"><\/span><\/span>\n<\/div><div class=\"vc_row wpb_row vc_inner vc_row-fluid\"><div class=\"wpb_column vc_column_container vc_col-sm-6\"><div class=\"vc_column-inner\"><div class=\"wpb_wrapper\">\n\t<div  class=\"wpb_single_image wpb_content_element vc_align_left\">\n\t\t\n\t\t<figure class=\"wpb_wrapper vc_figure\">\n\t\t\t<div class=\"vc_single_image-wrapper   vc_box_border_grey\"><img loading=\"lazy\" decoding=\"async\" width=\"600\" height=\"450\" src=\"https:\/\/bimmslovakia.sk\/wp-content\/uploads\/2024\/01\/EKS_series.jpg\" class=\"vc_single_image-img attachment-full\" alt=\"vstrekolis EKS\" title=\"EKS_series\" srcset=\"https:\/\/bimmslovakia.sk\/wp-content\/uploads\/2024\/01\/EKS_series.jpg 600w, https:\/\/bimmslovakia.sk\/wp-content\/uploads\/2024\/01\/EKS_series-300x225.jpg 300w\" sizes=\"auto, (max-width: 600px) 100vw, 600px\" \/><\/div>\n\t\t<\/figure>\n\t<\/div>\n<\/div><\/div><\/div><div class=\"wpb_column vc_column_container vc_col-sm-6\"><div class=\"vc_column-inner\"><div class=\"wpb_wrapper\">\n\t<div class=\"wpb_text_column wpb_content_element  vc_custom_1707068984064\" >\n\t\t<div class=\"wpb_wrapper\">\n\t\t\t<h4><span style=\"color: #ffffff;\"><strong>HYDRAULIC INJECTION MOLDING MACHINE<\/strong><\/span><br \/>\n<span style=\"color: #ffffff;\"><strong>POWERED BY SPEED PUMPS<\/strong><\/span><\/h4>\n<p><span style=\"color: #ffffff;\">Product line: EKS Series<\/span><\/p>\n\n\t\t<\/div>\n\t<\/div>\n\n\t<div class=\"wpb_text_column wpb_content_element\" >\n\t\t<div class=\"wpb_wrapper\">\n\t\t\t<p>The BOLE Central Locking Mechanism can save 2-5% of material for 80% of customer molds compared to traditional toggle-type locking mechanisms.<\/p>\n\n\t\t<\/div>\n\t<\/div>\n<div class=\"vc_btn3-container vc_btn3-inline\" ><a class=\"vc_general vc_btn3 vc_btn3-size-md vc_btn3-shape-square vc_btn3-style-modern vc_btn3-icon-left vc_btn3-color-default\" href=\"https:\/\/bimmslovakia.sk\/en\/seria-eks-hydraulicke-vstrekovacie-lisy\/\" title=\"Products\"><i class=\"vc_btn3-icon fas fa-angle-double-right\"><\/i> View product details<\/a><\/div><\/div><\/div><\/div><\/div><div class=\"vc_separator wpb_content_element vc_separator_align_center vc_sep_width_100 vc_sep_pos_align_center vc_separator_no_text\" ><span class=\"vc_sep_holder vc_sep_holder_l\"><span style=\"border-color:#d1d1d1;\" class=\"vc_sep_line\"><\/span><\/span><span class=\"vc_sep_holder vc_sep_holder_r\"><span style=\"border-color:#d1d1d1;\" class=\"vc_sep_line\"><\/span><\/span>\n<\/div><div class=\"vc_row wpb_row vc_inner vc_row-fluid\"><div class=\"wpb_column vc_column_container vc_col-sm-6\"><div class=\"vc_column-inner\"><div class=\"wpb_wrapper\">\n\t<div  class=\"wpb_single_image wpb_content_element vc_align_left\">\n\t\t\n\t\t<figure class=\"wpb_wrapper vc_figure\">\n\t\t\t<div class=\"vc_single_image-wrapper   vc_box_border_grey\"><img loading=\"lazy\" decoding=\"async\" width=\"600\" height=\"450\" src=\"https:\/\/bimmslovakia.sk\/wp-content\/uploads\/2024\/01\/DK_Series.jpg\" class=\"vc_single_image-img attachment-full\" alt=\"\" title=\"DK_Series\" srcset=\"https:\/\/bimmslovakia.sk\/wp-content\/uploads\/2024\/01\/DK_Series.jpg 600w, https:\/\/bimmslovakia.sk\/wp-content\/uploads\/2024\/01\/DK_Series-300x225.jpg 300w\" sizes=\"auto, (max-width: 600px) 100vw, 600px\" \/><\/div>\n\t\t<\/figure>\n\t<\/div>\n<\/div><\/div><\/div><div class=\"wpb_column vc_column_container vc_col-sm-6\"><div class=\"vc_column-inner\"><div class=\"wpb_wrapper\">\n\t<div class=\"wpb_text_column wpb_content_element  vc_custom_1707069458485\" >\n\t\t<div class=\"wpb_wrapper\">\n\t\t\t<h4><span style=\"color: #ffffff;\"><strong>TWO-PLATEN INJECTION MOLDING MACHINES<\/strong><\/span><\/h4>\n<p><span style=\"color: #ffffff;\">Product line: DK Series<\/span><\/p>\n\n\t\t<\/div>\n\t<\/div>\n\n\t<div class=\"wpb_text_column wpb_content_element\" >\n\t\t<div class=\"wpb_wrapper\">\n\t\t\t<ul>\n<li>High productivity, with dry cycle times equivalent to European machines.<\/li>\n<li>High resistance to bending of the locking mechanism.<\/li>\n<li>Clamping mechanism patent.<\/li>\n<li>Symmetrical design for mold opening\/closing, resulting in shorter cycle times and greater stability (higher precision during mold opening and closing).<\/li>\n<\/ul>\n\n\t\t<\/div>\n\t<\/div>\n<div class=\"vc_btn3-container vc_btn3-inline\" ><a class=\"vc_general vc_btn3 vc_btn3-size-md vc_btn3-shape-square vc_btn3-style-modern vc_btn3-icon-left vc_btn3-color-default\" href=\"https:\/\/bimmslovakia.sk\/en\/seria-dk-dvojdoskove-vstrekolisy\/\" title=\"Products\"><i class=\"vc_btn3-icon fas fa-angle-double-right\"><\/i> View product details<\/a><\/div><\/div><\/div><\/div><\/div><div class=\"vc_separator wpb_content_element vc_separator_align_center vc_sep_width_100 vc_sep_pos_align_center vc_separator_no_text\" ><span class=\"vc_sep_holder vc_sep_holder_l\"><span style=\"border-color:#d1d1d1;\" class=\"vc_sep_line\"><\/span><\/span><span class=\"vc_sep_holder vc_sep_holder_r\"><span style=\"border-color:#d1d1d1;\" class=\"vc_sep_line\"><\/span><\/span>\n<\/div><div class=\"vc_row wpb_row vc_inner vc_row-fluid\"><div class=\"wpb_column vc_column_container vc_col-sm-6\"><div class=\"vc_column-inner\"><div class=\"wpb_wrapper\">\n\t<div  class=\"wpb_single_image wpb_content_element vc_align_left\">\n\t\t\n\t\t<figure class=\"wpb_wrapper vc_figure\">\n\t\t\t<div class=\"vc_single_image-wrapper   vc_box_border_grey\"><img loading=\"lazy\" decoding=\"async\" width=\"600\" height=\"450\" src=\"https:\/\/bimmslovakia.sk\/wp-content\/uploads\/2024\/01\/FE_series.jpg\" class=\"vc_single_image-img attachment-full\" alt=\"Elektrick\u00e9 vstrekovacie lisy FE\" title=\"FE_series\" srcset=\"https:\/\/bimmslovakia.sk\/wp-content\/uploads\/2024\/01\/FE_series.jpg 600w, https:\/\/bimmslovakia.sk\/wp-content\/uploads\/2024\/01\/FE_series-300x225.jpg 300w\" sizes=\"auto, (max-width: 600px) 100vw, 600px\" \/><\/div>\n\t\t<\/figure>\n\t<\/div>\n<\/div><\/div><\/div><div class=\"wpb_column vc_column_container vc_col-sm-6\"><div class=\"vc_column-inner\"><div class=\"wpb_wrapper\">\n\t<div class=\"wpb_text_column wpb_content_element  vc_custom_1707069771155\" >\n\t\t<div class=\"wpb_wrapper\">\n\t\t\t<h4><span style=\"color: #ffffff;\"><strong>ELECTRICAL INJECTION MOLDING MACHINES<\/strong><\/span><\/h4>\n<p><span style=\"color: #ffffff;\">Product line: FE Series<\/span><\/p>\n\n\t\t<\/div>\n\t<\/div>\n\n\t<div class=\"wpb_text_column wpb_content_element\" >\n\t\t<div class=\"wpb_wrapper\">\n\t\t\t<ul>\n<li>Fast and closed-loop control system with outstanding performance repeatability.<\/li>\n<li>The patented central suspension system creates uniform closing force, reducing deflection of the movable platen.<\/li>\n<li>Plat\u0148a poh\u00e1\u0148an\u00e1 servomotormi so skrutkovicami.<\/li>\n<\/ul>\n\n\t\t<\/div>\n\t<\/div>\n<div class=\"vc_btn3-container vc_btn3-inline\" ><a class=\"vc_general vc_btn3 vc_btn3-size-md vc_btn3-shape-square vc_btn3-style-modern vc_btn3-icon-left vc_btn3-color-default\" href=\"https:\/\/bimmslovakia.sk\/en\/seria-fe-elektricke-vstrekolisy\/\" title=\"Products\"><i class=\"vc_btn3-icon fas fa-angle-double-right\"><\/i> View product details<\/a><\/div><\/div><\/div><\/div><\/div><div class=\"vc_separator wpb_content_element vc_separator_align_center vc_sep_width_100 vc_sep_pos_align_center vc_separator_no_text\" ><span class=\"vc_sep_holder vc_sep_holder_l\"><span style=\"border-color:#d1d1d1;\" class=\"vc_sep_line\"><\/span><\/span><span class=\"vc_sep_holder vc_sep_holder_r\"><span style=\"border-color:#d1d1d1;\" class=\"vc_sep_line\"><\/span><\/span>\n<\/div><div class=\"vc_row wpb_row vc_inner vc_row-fluid\"><div class=\"wpb_column vc_column_container vc_col-sm-6\"><div class=\"vc_column-inner\"><div class=\"wpb_wrapper\">\n\t<div  class=\"wpb_single_image wpb_content_element vc_align_left\">\n\t\t\n\t\t<figure class=\"wpb_wrapper vc_figure\">\n\t\t\t<div class=\"vc_single_image-wrapper   vc_box_border_grey\"><img loading=\"lazy\" decoding=\"async\" width=\"600\" height=\"450\" src=\"https:\/\/bimmslovakia.sk\/wp-content\/uploads\/2024\/01\/DK_series_2.jpg\" class=\"vc_single_image-img attachment-full\" alt=\"\" title=\"DK_series_2\" srcset=\"https:\/\/bimmslovakia.sk\/wp-content\/uploads\/2024\/01\/DK_series_2.jpg 600w, https:\/\/bimmslovakia.sk\/wp-content\/uploads\/2024\/01\/DK_series_2-300x225.jpg 300w\" sizes=\"auto, (max-width: 600px) 100vw, 600px\" \/><\/div>\n\t\t<\/figure>\n\t<\/div>\n<\/div><\/div><\/div><div class=\"wpb_column vc_column_container vc_col-sm-6\"><div class=\"vc_column-inner\"><div class=\"wpb_wrapper\">\n\t<div class=\"wpb_text_column wpb_content_element  vc_custom_1707074209722\" >\n\t\t<div class=\"wpb_wrapper\">\n\t\t\t<h4><span style=\"color: #ffffff;\"><strong>INJECTION MOLDING MACHINES FOR CARBON FIBER INJECTION<\/strong><\/span><\/h4>\n<p><span style=\"color: #ffffff;\">Product line: CIML Series<\/span><\/p>\n\n\t\t<\/div>\n\t<\/div>\n\n\t<div class=\"wpb_text_column wpb_content_element\" >\n\t\t<div class=\"wpb_wrapper\">\n\t\t\t<ul>\n<li class=\" translation-block\">A custom-made tool for 'automotive lightweighting,' the <span style=\"color: #ff0000\">Carbon Fiber<\/span> Intelligent Molding Line (CIML) combines equipment, technology, and materials, integrating 'mixing' and 'injection molding' into a single process.<\/li>\n<\/ul>\n\n\t\t<\/div>\n\t<\/div>\n<div class=\"vc_btn3-container vc_btn3-inline\" ><a class=\"vc_general vc_btn3 vc_btn3-size-md vc_btn3-shape-square vc_btn3-style-modern vc_btn3-icon-left vc_btn3-color-default\" href=\"https:\/\/bimmslovakia.sk\/en\/seria-ciml-vstrekovanie-uhlikovych-vlakien\/\" title=\"Products\"><i class=\"vc_btn3-icon fas fa-angle-double-right\"><\/i> View product details<\/a><\/div><\/div><\/div><\/div><\/div><div class=\"vc_separator wpb_content_element vc_separator_align_center vc_sep_width_100 vc_sep_pos_align_center vc_separator_no_text\" ><span class=\"vc_sep_holder vc_sep_holder_l\"><span style=\"border-color:#d1d1d1;\" class=\"vc_sep_line\"><\/span><\/span><span class=\"vc_sep_holder vc_sep_holder_r\"><span style=\"border-color:#d1d1d1;\" class=\"vc_sep_line\"><\/span><\/span>\n<\/div><div class=\"vc_row wpb_row vc_inner vc_row-fluid\"><div class=\"wpb_column vc_column_container vc_col-sm-6\"><div class=\"vc_column-inner\"><div class=\"wpb_wrapper\">\n\t<div  class=\"wpb_single_image wpb_content_element vc_align_left\">\n\t\t\n\t\t<figure class=\"wpb_wrapper vc_figure\">\n\t\t\t<div class=\"vc_single_image-wrapper   vc_box_border_grey\"><img loading=\"lazy\" decoding=\"async\" width=\"600\" height=\"450\" src=\"https:\/\/bimmslovakia.sk\/wp-content\/uploads\/2024\/01\/C500_macine.jpg\" class=\"vc_single_image-img attachment-full\" alt=\"dvojvstrek\" title=\"C500_macine\" srcset=\"https:\/\/bimmslovakia.sk\/wp-content\/uploads\/2024\/01\/C500_macine.jpg 600w, https:\/\/bimmslovakia.sk\/wp-content\/uploads\/2024\/01\/C500_macine-300x225.jpg 300w\" sizes=\"auto, (max-width: 600px) 100vw, 600px\" \/><\/div>\n\t\t<\/figure>\n\t<\/div>\n<\/div><\/div><\/div><div class=\"wpb_column vc_column_container vc_col-sm-6\"><div class=\"vc_column-inner\"><div class=\"wpb_wrapper\">\n\t<div class=\"wpb_text_column wpb_content_element  vc_custom_1707074340964\" >\n\t\t<div class=\"wpb_wrapper\">\n\t\t\t<h4><span style=\"color: #ffffff;\"><strong>MULTI-INJECT INJECTION MOLDING MACHINES<\/strong><\/span><\/h4>\n<p><span style=\"color: #ffffff;\">Product line: MK Series<\/span><\/p>\n\n\t\t<\/div>\n\t<\/div>\n\n\t<div class=\"wpb_text_column wpb_content_element\" >\n\t\t<div class=\"wpb_wrapper\">\n\t\t\t<ul>\n<li>With outstanding performance and quality, the BOLE MK series of multi-material injection molding machines can better meet the demands of the automotive industry, food industry, toy industry, and more.<\/li>\n<\/ul>\n\n\t\t<\/div>\n\t<\/div>\n<div class=\"vc_btn3-container vc_btn3-inline\" ><a class=\"vc_general vc_btn3 vc_btn3-size-md vc_btn3-shape-square vc_btn3-style-modern vc_btn3-icon-left vc_btn3-color-default\" href=\"https:\/\/bimmslovakia.sk\/en\/seria-mk-viacvstrekove-stroje\/\" title=\"Products\"><i class=\"vc_btn3-icon fas fa-angle-double-right\"><\/i> View product details<\/a><\/div><\/div><\/div><\/div><\/div><div class=\"vc_separator wpb_content_element vc_separator_align_center vc_sep_width_100 vc_sep_pos_align_center vc_separator_no_text\" ><span class=\"vc_sep_holder vc_sep_holder_l\"><span style=\"border-color:#d1d1d1;\" class=\"vc_sep_line\"><\/span><\/span><span class=\"vc_sep_holder vc_sep_holder_r\"><span style=\"border-color:#d1d1d1;\" class=\"vc_sep_line\"><\/span><\/span>\n<\/div><div class=\"vc_row wpb_row vc_inner vc_row-fluid\"><div class=\"wpb_column vc_column_container vc_col-sm-6\"><div class=\"vc_column-inner\"><div class=\"wpb_wrapper\">\n\t<div  class=\"wpb_single_image wpb_content_element vc_align_left\">\n\t\t\n\t\t<figure class=\"wpb_wrapper vc_figure\">\n\t\t\t<div class=\"vc_single_image-wrapper   vc_box_border_grey\"><img loading=\"lazy\" decoding=\"async\" width=\"600\" height=\"450\" src=\"https:\/\/bimmslovakia.sk\/wp-content\/uploads\/2024\/01\/EK_series.jpg\" class=\"vc_single_image-img attachment-full\" alt=\"\" title=\"EK_series\" srcset=\"https:\/\/bimmslovakia.sk\/wp-content\/uploads\/2024\/01\/EK_series.jpg 600w, https:\/\/bimmslovakia.sk\/wp-content\/uploads\/2024\/01\/EK_series-300x225.jpg 300w\" sizes=\"auto, (max-width: 600px) 100vw, 600px\" \/><\/div>\n\t\t<\/figure>\n\t<\/div>\n<\/div><\/div><\/div><div class=\"wpb_column vc_column_container vc_col-sm-6\"><div class=\"vc_column-inner\"><div class=\"wpb_wrapper\">\n\t<div class=\"wpb_text_column wpb_content_element  vc_custom_1707074624291\" >\n\t\t<div class=\"wpb_wrapper\">\n\t\t\t<h4><span style=\"color: #ffffff;\"><strong>HIGH CAPACITY INJECTION MOLDING MACHINES<\/strong><\/span><\/h4>\n<p><span style=\"color: #ffffff;\">Product line: LVIMM<\/span><\/p>\n\n\t\t<\/div>\n\t<\/div>\n\n\t<div class=\"wpb_text_column wpb_content_element\" >\n\t\t<div class=\"wpb_wrapper\">\n\t\t\t<ul>\n<li>The clamping force ranges from 4400 to 40000 kN, with injection volume starting from 10000 cm\u00b3<\/li>\n<li>Multiple pulling (core) modes to choose from.<\/li>\n<li>Multiple injection and additional custom equipment.<\/li>\n<\/ul>\n\n\t\t<\/div>\n\t<\/div>\n<div class=\"vc_btn3-container vc_btn3-inline\" ><a class=\"vc_general vc_btn3 vc_btn3-size-md vc_btn3-shape-square vc_btn3-style-modern vc_btn3-icon-left vc_btn3-color-default\" href=\"https:\/\/bimmslovakia.sk\/en\/seria-lvimm-velkoobjemove-vstrekolisy\/\" title=\"Products\"><i class=\"vc_btn3-icon fas fa-angle-double-right\"><\/i> View product details<\/a><\/div><\/div><\/div><\/div><\/div><\/div><\/div><\/div><\/div>\n<\/div>","protected":false},"excerpt":{"rendered":"ORIENTOVAN\u00cd NA TECHNOLOGICK\u00da INOV\u00c1CIU, POSIL\u0147UJEME KONKURENCIESCHOPNOS\u0164 Z\u00c1KAZN\u00cdKOV. Tu si m\u00f4\u017eete pozrie\u0165 preh\u013ead v\u0161etk\u00fdch na\u0161ich produktov. HYDRAULICK\u00c9 VSTREKOVACIE LISY POH\u00c1\u0147AN\u00c9 SERVO \u010cERPADLAMI Modelovy rad: EKS Series Centr\u00e1lny uzamykac\u00ed mechanizmus BOLE m\u00f4\u017ee u\u0161etri\u0165 2-5 % materi\u00e1lu pre 80 % foriem z\u00e1kazn\u00edka v porovnan\u00ed s tradi\u010dn\u00fdm uzamykac\u00edm mechanizmom s k\u013abov\u00fdmi ramenami. Prejs\u0165 na produkt DVOJDOSKOV\u00c9 VSTREKOVACIE LISY Modelovy <a href=\"https:\/\/bimmslovakia.sk\/en\/produkty\/\" class=\"more-link\">...<span class=\"screen-reader-text\">  Products<\/span><\/a>","protected":false},"author":1,"featured_media":0,"parent":0,"menu_order":0,"comment_status":"closed","ping_status":"closed","template":"page-fullwidthpagenoheading.php","meta":{"footnotes":""},"class_list":["post-10","page","type-page","status-publish","hentry"],"_links":{"self":[{"href":"https:\/\/bimmslovakia.sk\/en\/wp-json\/wp\/v2\/pages\/10","targetHints":{"allow":["GET"]}}],"collection":[{"href":"https:\/\/bimmslovakia.sk\/en\/wp-json\/wp\/v2\/pages"}],"about":[{"href":"https:\/\/bimmslovakia.sk\/en\/wp-json\/wp\/v2\/types\/page"}],"author":[{"embeddable":true,"href":"https:\/\/bimmslovakia.sk\/en\/wp-json\/wp\/v2\/users\/1"}],"replies":[{"embeddable":true,"href":"https:\/\/bimmslovakia.sk\/en\/wp-json\/wp\/v2\/comments?post=10"}],"version-history":[{"count":22,"href":"https:\/\/bimmslovakia.sk\/en\/wp-json\/wp\/v2\/pages\/10\/revisions"}],"predecessor-version":[{"id":185,"href":"https:\/\/bimmslovakia.sk\/en\/wp-json\/wp\/v2\/pages\/10\/revisions\/185"}],"wp:attachment":[{"href":"https:\/\/bimmslovakia.sk\/en\/wp-json\/wp\/v2\/media?parent=10"}],"curies":[{"name":"wp","href":"https:\/\/api.w.org\/{rel}","templated":true}]}}