{"id":117,"date":"2024-02-05T09:23:51","date_gmt":"2024-02-05T08:23:51","guid":{"rendered":"https:\/\/vodapreteba.sk\/?page_id=117"},"modified":"2024-02-05T21:47:30","modified_gmt":"2024-02-05T20:47:30","slug":"seria-fe-elektricke-vstrekolisy","status":"publish","type":"page","link":"https:\/\/bimmslovakia.sk\/en\/seria-fe-elektricke-vstrekolisy\/","title":{"rendered":"S\u00e9ria FE &#8211; elektrick\u00e9 vstrekolisy"},"content":{"rendered":"<div class=\"wpb-content-wrapper\"><div class=\"vc_row wpb_row vc_row-fluid\"><div class=\"wpb_column vc_column_container vc_col-sm-12 vc_col-has-fill\"><div class=\"vc_column-inner vc_custom_1707121453897\"><div class=\"wpb_wrapper\"><div class=\"vc_row wpb_row vc_inner vc_row-fluid\"><div class=\"wpb_column vc_column_container vc_col-sm-6\"><div class=\"vc_column-inner\"><div class=\"wpb_wrapper\">\n\t<div  class=\"wpb_single_image wpb_content_element vc_align_left\">\n\t\t\n\t\t<figure class=\"wpb_wrapper vc_figure\">\n\t\t\t<div class=\"vc_single_image-wrapper   vc_box_border_grey\"><img loading=\"lazy\" decoding=\"async\" width=\"600\" height=\"450\" src=\"https:\/\/bimmslovakia.sk\/wp-content\/uploads\/2024\/01\/FE_series.jpg\" class=\"vc_single_image-img attachment-full\" alt=\"Elektrick\u00e9 vstrekovacie lisy FE\" title=\"FE_series\" srcset=\"https:\/\/bimmslovakia.sk\/wp-content\/uploads\/2024\/01\/FE_series.jpg 600w, https:\/\/bimmslovakia.sk\/wp-content\/uploads\/2024\/01\/FE_series-300x225.jpg 300w\" sizes=\"auto, (max-width: 600px) 100vw, 600px\" \/><\/div>\n\t\t<\/figure>\n\t<\/div>\n<\/div><\/div><\/div><div class=\"wpb_column vc_column_container vc_col-sm-6\"><div class=\"vc_column-inner\"><div class=\"wpb_wrapper\">\n\t<div class=\"wpb_text_column wpb_content_element  vc_custom_1707069771155\" >\n\t\t<div class=\"wpb_wrapper\">\n\t\t\t<h4><span style=\"color: #ffffff;\"><strong>ELECTRICAL INJECTION MOLDING MACHINES<\/strong><\/span><\/h4>\n<p><span style=\"color: #ffffff;\">Product line: FE Series<\/span><\/p>\n\n\t\t<\/div>\n\t<\/div>\n\n\t<div class=\"wpb_text_column wpb_content_element\" >\n\t\t<div class=\"wpb_wrapper\">\n\t\t\t<ul>\n<li>Fast and closed-loop control system with outstanding performance repeatability.<\/li>\n<li>The patented central suspension system creates uniform closing force, reducing deflection of the movable platen.<\/li>\n<li>Plat\u0148a poh\u00e1\u0148an\u00e1 servomotormi so skrutkovicami.<\/li>\n<\/ul>\n\n\t\t<\/div>\n\t<\/div>\n<div class=\"vc_btn3-container vc_btn3-inline vc_custom_1707166032729\" ><a class=\"vc_general vc_btn3 vc_btn3-size-md vc_btn3-shape-square vc_btn3-style-modern vc_btn3-icon-left vc_btn3-color-white\" href=\"https:\/\/bimmslovakia.sk\/en\/servis\/\" title=\"Products\"><i class=\"vc_btn3-icon fas fa-angle-double-right\"><\/i> Get price offer<\/a><\/div><div class=\"vc_btn3-container vc_btn3-inline vc_custom_1707166046099\" ><a class=\"vc_general vc_btn3 vc_btn3-size-md vc_btn3-shape-square vc_btn3-style-modern vc_btn3-icon-left vc_btn3-color-white\" href=\"https:\/\/bimmslovakia.sk\/wp-content\/uploads\/2024\/01\/FE_series_parametre.pdf\" title=\"Products\"><i class=\"vc_btn3-icon fas fa-angle-double-right\"><\/i> Open catalog<\/a><\/div><\/div><\/div><\/div><\/div><div class=\"vc_row wpb_row vc_inner vc_row-fluid\"><div class=\"wpb_column vc_column_container vc_col-sm-12\"><div class=\"vc_column-inner\"><div class=\"wpb_wrapper\">\n\t<div class=\"wpb_text_column wpb_content_element  vc_custom_1707122925319\" >\n\t\t<div class=\"wpb_wrapper\">\n\t\t\t<ul>\n<li><strong>Energy saving - <\/strong>Efficient energy conversion reduces energy consumption. Water for cooling hydraulic oil is not required.<\/li>\n<li><strong>Efficiency - <\/strong>Synchronized machine movements enable achieving short cycle times with high precision.<\/li>\n<li><strong>Precision - <\/strong>The control precision up to 0.01 mm ensures product quality.<\/li>\n<li><strong>Clean - <\/strong>Without hydraulic oil, maintaining a clean manufacturing environment.<\/li>\n<li><strong>High speed - <\/strong>High-speed and intelligent control of mold and injection movements.<\/li>\n<li><b>Quiet - <\/b>Low noise of the machine creates a comfortable manufacturing environment.<\/li>\n<\/ul>\n\n\t\t<\/div>\n\t<\/div>\n<\/div><\/div><\/div><\/div><div class=\"vc_tta-container\" data-vc-action=\"collapse\"><div class=\"vc_general vc_tta vc_tta-tabs vc_tta-color-grey vc_tta-style-classic vc_tta-shape-square vc_tta-spacing-1 vc_tta-tabs-position-top vc_tta-controls-align-left\"><div class=\"vc_tta-tabs-container\"><ul class=\"vc_tta-tabs-list\"><li class=\"vc_tta-tab vc_active\" data-vc-tab><a href=\"#1707122993472-06973da3-a357\" data-vc-tabs data-vc-container=\".vc_tta\"><span class=\"vc_tta-title-text\">Description<\/span><\/a><\/li><li class=\"vc_tta-tab\" data-vc-tab><a href=\"#1707122993473-7fdabdba-8741\" data-vc-tabs data-vc-container=\".vc_tta\"><span class=\"vc_tta-title-text\">Clamping<\/span><\/a><\/li><li class=\"vc_tta-tab\" data-vc-tab><a href=\"#1707122999405-55ced1a8-b306\" data-vc-tabs data-vc-container=\".vc_tta\"><span class=\"vc_tta-title-text\">Control system<\/span><\/a><\/li><\/ul><\/div><div class=\"vc_tta-panels-container\"><div class=\"vc_tta-panels\"><div class=\"vc_tta-panel vc_active\" id=\"1707122993472-06973da3-a357\" data-vc-content=\".vc_tta-panel-body\"><div class=\"vc_tta-panel-heading\"><h4 class=\"vc_tta-panel-title\"><a href=\"#1707122993472-06973da3-a357\" data-vc-accordion data-vc-container=\".vc_tta-container\"><span class=\"vc_tta-title-text\">Description<\/span><\/a><\/h4><\/div><div class=\"vc_tta-panel-body\">\n\t<div  class=\"wpb_single_image wpb_content_element vc_align_left\">\n\t\t\n\t\t<figure class=\"wpb_wrapper vc_figure\">\n\t\t\t<div class=\"vc_single_image-wrapper   vc_box_border_grey\"><img loading=\"lazy\" decoding=\"async\" width=\"1200\" height=\"650\" src=\"https:\/\/bimmslovakia.sk\/wp-content\/uploads\/2024\/02\/FE-popis-en.jpg\" class=\"vc_single_image-img attachment-full\" alt=\"\" title=\"FE-popis-stroja\" srcset=\"https:\/\/bimmslovakia.sk\/wp-content\/uploads\/2024\/02\/FE-popis-en.jpg 1200w, https:\/\/bimmslovakia.sk\/wp-content\/uploads\/2024\/02\/FE-popis-en-300x163.jpg 300w, https:\/\/bimmslovakia.sk\/wp-content\/uploads\/2024\/02\/FE-popis-en-1024x555.jpg 1024w, https:\/\/bimmslovakia.sk\/wp-content\/uploads\/2024\/02\/FE-popis-en-18x10.jpg 18w\" sizes=\"auto, (max-width: 1200px) 100vw, 1200px\" \/><\/div>\n\t\t<\/figure>\n\t<\/div>\n<\/div><\/div><div class=\"vc_tta-panel\" id=\"1707122993473-7fdabdba-8741\" data-vc-content=\".vc_tta-panel-body\"><div class=\"vc_tta-panel-heading\"><h4 class=\"vc_tta-panel-title\"><a href=\"#1707122993473-7fdabdba-8741\" data-vc-accordion data-vc-container=\".vc_tta-container\"><span class=\"vc_tta-title-text\">Clamping<\/span><\/a><\/h4><\/div><div class=\"vc_tta-panel-body\">\n\t<div  class=\"wpb_single_image wpb_content_element vc_align_left\">\n\t\t\n\t\t<figure class=\"wpb_wrapper vc_figure\">\n\t\t\t<div class=\"vc_single_image-wrapper   vc_box_border_grey\"><img loading=\"lazy\" decoding=\"async\" width=\"1200\" height=\"466\" src=\"https:\/\/bimmslovakia.sk\/wp-content\/uploads\/2024\/02\/uzamykanie-en.jpg\" class=\"vc_single_image-img attachment-full\" alt=\"uzamykanie BOLE\" title=\"uzamykanie\" srcset=\"https:\/\/bimmslovakia.sk\/wp-content\/uploads\/2024\/02\/uzamykanie-en.jpg 1200w, https:\/\/bimmslovakia.sk\/wp-content\/uploads\/2024\/02\/uzamykanie-en-300x201.jpg 300w, https:\/\/bimmslovakia.sk\/wp-content\/uploads\/2024\/02\/uzamykanie-en-1024x686.jpg 1024w, https:\/\/bimmslovakia.sk\/wp-content\/uploads\/2024\/02\/uzamykanie-en-18x12.jpg 18w\" sizes=\"auto, (max-width: 1200px) 100vw, 1200px\" \/><\/div>\n\t\t<\/figure>\n\t<\/div>\n<\/div><\/div><div class=\"vc_tta-panel\" id=\"1707122999405-55ced1a8-b306\" data-vc-content=\".vc_tta-panel-body\"><div class=\"vc_tta-panel-heading\"><h4 class=\"vc_tta-panel-title\"><a href=\"#1707122999405-55ced1a8-b306\" data-vc-accordion data-vc-container=\".vc_tta-container\"><span class=\"vc_tta-title-text\">Control system<\/span><\/a><\/h4><\/div><div class=\"vc_tta-panel-body\">\n\t<div class=\"wpb_text_column wpb_content_element\" >\n\t\t<div class=\"wpb_wrapper\">\n\t\t\t<ul>\n<li class=\" translation-block\">The control system from the Austrian manufacturer <span style=\"color: #ff0000\">KEBA<span style=\"color: #000000\"> is characterized by high precision, reliability, and user-friendly operation, making it popular among many machine manufacturers.<\/span><\/span><\/li>\n<\/ul>\n\n\t\t<\/div>\n\t<\/div>\n\n\t<div  class=\"wpb_single_image wpb_content_element vc_align_left\">\n\t\t\n\t\t<figure class=\"wpb_wrapper vc_figure\">\n\t\t\t<div class=\"vc_single_image-wrapper   vc_box_border_grey\"><img loading=\"lazy\" decoding=\"async\" width=\"1065\" height=\"635\" src=\"https:\/\/bimmslovakia.sk\/wp-content\/uploads\/2024\/02\/Keba-riadiaci-system.png\" class=\"vc_single_image-img attachment-full\" alt=\"\" title=\"Keba-riadiaci-system\" srcset=\"https:\/\/bimmslovakia.sk\/wp-content\/uploads\/2024\/02\/Keba-riadiaci-system.png 1065w, https:\/\/bimmslovakia.sk\/wp-content\/uploads\/2024\/02\/Keba-riadiaci-system-300x179.png 300w, https:\/\/bimmslovakia.sk\/wp-content\/uploads\/2024\/02\/Keba-riadiaci-system-1024x611.png 1024w\" sizes=\"auto, (max-width: 1065px) 100vw, 1065px\" \/><\/div>\n\t\t<\/figure>\n\t<\/div>\n<\/div><\/div><\/div><\/div><\/div><\/div><\/div><\/div><\/div><\/div>\n<\/div>","protected":false},"excerpt":{"rendered":"VSTREKOVACIE LISY S ELEKTRICK\u00ddM POHONOM Modelovy rad: FE Series R\u00fdchly a uzavret\u00fd syst\u00e9m riadenia s vynikaj\u00facou opakovate\u013enos\u0165ou v\u00fdkonu. Patentovan\u00fd centr\u00e1lny z\u00e1vesn\u00fd syst\u00e9m vytv\u00e1ra rovnomern\u00fa uzatv\u00e1raciu silu, \u010d\u00edm zni\u017euje ohyb pohyblivej dosky. Plat\u0148a poh\u00e1\u0148an\u00e1 servomotormi so skrutkovicami. Vy\u017eiada\u0165 cenov\u00fa ponuku Otvori\u0165 katal\u00f3g \u00daspora energie - Efekt\u00edvna konverzia energie, zni\u017euje spotrebu energie. Nie je potrebn\u00e1 voda na <a href=\"https:\/\/bimmslovakia.sk\/en\/seria-fe-elektricke-vstrekolisy\/\" class=\"more-link\">...<span class=\"screen-reader-text\">  S\u00e9ria FE &#8211; elektrick\u00e9 vstrekolisy<\/span><\/a>","protected":false},"author":1,"featured_media":0,"parent":0,"menu_order":0,"comment_status":"closed","ping_status":"closed","template":"page-fullwidthpagenoheading.php","meta":{"footnotes":""},"class_list":["post-117","page","type-page","status-publish","hentry"],"_links":{"self":[{"href":"https:\/\/bimmslovakia.sk\/en\/wp-json\/wp\/v2\/pages\/117","targetHints":{"allow":["GET"]}}],"collection":[{"href":"https:\/\/bimmslovakia.sk\/en\/wp-json\/wp\/v2\/pages"}],"about":[{"href":"https:\/\/bimmslovakia.sk\/en\/wp-json\/wp\/v2\/types\/page"}],"author":[{"embeddable":true,"href":"https:\/\/bimmslovakia.sk\/en\/wp-json\/wp\/v2\/users\/1"}],"replies":[{"embeddable":true,"href":"https:\/\/bimmslovakia.sk\/en\/wp-json\/wp\/v2\/comments?post=117"}],"version-history":[{"count":14,"href":"https:\/\/bimmslovakia.sk\/en\/wp-json\/wp\/v2\/pages\/117\/revisions"}],"predecessor-version":[{"id":204,"href":"https:\/\/bimmslovakia.sk\/en\/wp-json\/wp\/v2\/pages\/117\/revisions\/204"}],"wp:attachment":[{"href":"https:\/\/bimmslovakia.sk\/en\/wp-json\/wp\/v2\/media?parent=117"}],"curies":[{"name":"wp","href":"https:\/\/api.w.org\/{rel}","templated":true}]}}