{"id":6,"date":"2024-01-25T10:04:36","date_gmt":"2024-01-25T09:04:36","guid":{"rendered":"https:\/\/vodapreteba.sk\/?page_id=6"},"modified":"2024-02-06T08:39:27","modified_gmt":"2024-02-06T07:39:27","slug":"domov","status":"publish","type":"page","link":"https:\/\/bimmslovakia.sk\/en\/","title":{"rendered":"Home"},"content":{"rendered":"<div class=\"wpb-content-wrapper\"><div class=\"vc_row wpb_row vc_row-fluid\"><div class=\"wpb_column vc_column_container vc_col-sm-12 vc_col-has-fill\"><div class=\"vc_column-inner vc_custom_1706464476945\"><div class=\"wpb_wrapper\"><div class=\"vc_row wpb_row vc_inner vc_row-fluid\"><div class=\"wpb_column vc_column_container vc_col-sm-6\"><div class=\"vc_column-inner\"><div class=\"wpb_wrapper\">\n\t<div class=\"wpb_text_column wpb_content_element\" >\n\t\t<div class=\"wpb_wrapper\">\n\t\t\t<h3>Who we are and what we offer ?<\/h3>\n<p>BOLE is a high-tech enterprise specializing in the research, development, and production of precision machinery devices. In its operations, it employs the 'German technology, made in China' model, integrating design, manufacturing, assembly, testing, and sales processes. It provides customers with comprehensive and professional equipment for injection molding.<\/p>\n\n\t\t<\/div>\n\t<\/div>\n<\/div><\/div><\/div><div class=\"wpb_column vc_column_container vc_col-sm-6\"><div class=\"vc_column-inner\"><div class=\"wpb_wrapper\">\n\t<div class=\"wpb_text_column wpb_content_element\" >\n\t\t<div class=\"wpb_wrapper\">\n\t\t\t<div style=\"width: 1916px;\" class=\"wp-video\"><!--[if lt IE 9]><script>document.createElement('video');<\/script><![endif]-->\n<video class=\"wp-video-shortcode\" id=\"video-6-1\" width=\"1916\" height=\"970\" preload=\"metadata\" controls=\"controls\"><source type=\"video\/mp4\" src=\"https:\/\/bimmslovakia.sk\/wp-content\/uploads\/2024\/01\/Bole_Animation.mp4?_=1\" \/><a href=\"https:\/\/bimmslovakia.sk\/wp-content\/uploads\/2024\/01\/Bole_Animation.mp4\">https:\/\/bimmslovakia.sk\/wp-content\/uploads\/2024\/01\/Bole_Animation.mp4<\/a><\/video><\/div>\n\n\t\t<\/div>\n\t<\/div>\n<\/div><\/div><\/div><\/div><div class=\"vc_separator wpb_content_element vc_separator_align_center vc_sep_width_100 vc_sep_pos_align_center vc_separator-has-text\" ><span class=\"vc_sep_holder vc_sep_holder_l\"><span style=\"border-color:#d1d1d1;\" class=\"vc_sep_line\"><\/span><\/span><div class=\"vc_icon_element vc_icon_element-outer vc_icon_element-align-left\"><div class=\"vc_icon_element-inner vc_icon_element-color-chino vc_icon_element-size-md vc_icon_element-style- vc_icon_element-background-color-grey\" ><span class=\"vc_icon_element-icon fas fa-angle-double-down\" ><\/span><\/div><\/div><h4>Offer of IMM<\/h4><span class=\"vc_sep_holder vc_sep_holder_r\"><span style=\"border-color:#d1d1d1;\" class=\"vc_sep_line\"><\/span><\/span>\n<\/div><div class=\"vc_row wpb_row vc_inner vc_row-fluid\"><div class=\"wpb_column vc_column_container vc_col-sm-8\"><div class=\"vc_column-inner\"><div class=\"wpb_wrapper\">\n\t<div class=\"wpb_text_column wpb_content_element  vc_custom_1707068984064\" >\n\t\t<div class=\"wpb_wrapper\">\n\t\t\t<h4><span style=\"color: #ffffff;\"><strong>HYDRAULIC INJECTION MOLDING MACHINE<\/strong><\/span><br \/>\n<span style=\"color: #ffffff;\"><strong>POWERED BY SPEED PUMPS<\/strong><\/span><\/h4>\n<p><span style=\"color: #ffffff;\">Product line: EKS Series<\/span><\/p>\n\n\t\t<\/div>\n\t<\/div>\n\n\t<div class=\"wpb_text_column wpb_content_element\" >\n\t\t<div class=\"wpb_wrapper\">\n\t\t\t<p>The BOLE Central Locking Mechanism can save 2-5% of material for 80% of customer molds compared to traditional toggle-type locking mechanisms.<\/p>\n\n\t\t<\/div>\n\t<\/div>\n<div class=\"vc_btn3-container vc_btn3-inline\" ><a class=\"vc_general vc_btn3 vc_btn3-size-md vc_btn3-shape-square vc_btn3-style-modern vc_btn3-icon-left vc_btn3-color-default\" href=\"https:\/\/bimmslovakia.sk\/en\/produkty\/\" title=\"Products\"><i class=\"vc_btn3-icon fas fa-angle-double-right\"><\/i> View products<\/a><\/div><\/div><\/div><\/div><div class=\"wpb_column vc_column_container vc_col-sm-4\"><div class=\"vc_column-inner\"><div class=\"wpb_wrapper\">\n\t<div  class=\"wpb_single_image wpb_content_element vc_align_left\">\n\t\t\n\t\t<figure class=\"wpb_wrapper vc_figure\">\n\t\t\t<div class=\"vc_single_image-wrapper   vc_box_border_grey\"><img loading=\"lazy\" decoding=\"async\" width=\"600\" height=\"450\" src=\"https:\/\/bimmslovakia.sk\/wp-content\/uploads\/2024\/01\/EKS_series.jpg\" class=\"vc_single_image-img attachment-full\" alt=\"vstrekolis EKS\" title=\"EKS_series\" srcset=\"https:\/\/bimmslovakia.sk\/wp-content\/uploads\/2024\/01\/EKS_series.jpg 600w, https:\/\/bimmslovakia.sk\/wp-content\/uploads\/2024\/01\/EKS_series-300x225.jpg 300w\" sizes=\"auto, (max-width: 600px) 100vw, 600px\" \/><\/div>\n\t\t<\/figure>\n\t<\/div>\n<\/div><\/div><\/div><\/div><div class=\"vc_separator wpb_content_element vc_separator_align_center vc_sep_width_100 vc_sep_pos_align_center vc_separator_no_text\" ><span class=\"vc_sep_holder vc_sep_holder_l\"><span style=\"border-color:#d1d1d1;\" class=\"vc_sep_line\"><\/span><\/span><span class=\"vc_sep_holder vc_sep_holder_r\"><span style=\"border-color:#d1d1d1;\" class=\"vc_sep_line\"><\/span><\/span>\n<\/div><div class=\"vc_row wpb_row vc_inner vc_row-fluid\"><div class=\"wpb_column vc_column_container vc_col-sm-8\"><div class=\"vc_column-inner\"><div class=\"wpb_wrapper\">\n\t<div class=\"wpb_text_column wpb_content_element  vc_custom_1707069458485\" >\n\t\t<div class=\"wpb_wrapper\">\n\t\t\t<h4><span style=\"color: #ffffff;\"><strong>TWO-PLATEN INJECTION MOLDING MACHINES<\/strong><\/span><\/h4>\n<p><span style=\"color: #ffffff;\">Product line: DK Series<\/span><\/p>\n\n\t\t<\/div>\n\t<\/div>\n\n\t<div class=\"wpb_text_column wpb_content_element\" >\n\t\t<div class=\"wpb_wrapper\">\n\t\t\t<ul>\n<li>High productivity, with dry cycle times equivalent to European machines.<\/li>\n<li>High resistance to bending of the locking mechanism.<\/li>\n<li>Clamping mechanism patent.<\/li>\n<li>Symmetrical design for mold opening\/closing, resulting in shorter cycle times and greater stability (higher precision during mold opening and closing).<\/li>\n<\/ul>\n\n\t\t<\/div>\n\t<\/div>\n<div class=\"vc_btn3-container vc_btn3-inline\" ><a class=\"vc_general vc_btn3 vc_btn3-size-md vc_btn3-shape-square vc_btn3-style-modern vc_btn3-icon-left vc_btn3-color-default\" href=\"https:\/\/bimmslovakia.sk\/en\/produkty\/\" title=\"Products\"><i class=\"vc_btn3-icon fas fa-angle-double-right\"><\/i> View products<\/a><\/div><\/div><\/div><\/div><div class=\"wpb_column vc_column_container vc_col-sm-4\"><div class=\"vc_column-inner\"><div class=\"wpb_wrapper\">\n\t<div  class=\"wpb_single_image wpb_content_element vc_align_left\">\n\t\t\n\t\t<figure class=\"wpb_wrapper vc_figure\">\n\t\t\t<div class=\"vc_single_image-wrapper   vc_box_border_grey\"><img loading=\"lazy\" decoding=\"async\" width=\"600\" height=\"450\" src=\"https:\/\/bimmslovakia.sk\/wp-content\/uploads\/2024\/01\/DK_Series.jpg\" class=\"vc_single_image-img attachment-full\" alt=\"\" title=\"DK_Series\" srcset=\"https:\/\/bimmslovakia.sk\/wp-content\/uploads\/2024\/01\/DK_Series.jpg 600w, https:\/\/bimmslovakia.sk\/wp-content\/uploads\/2024\/01\/DK_Series-300x225.jpg 300w\" sizes=\"auto, (max-width: 600px) 100vw, 600px\" \/><\/div>\n\t\t<\/figure>\n\t<\/div>\n<\/div><\/div><\/div><\/div><div class=\"vc_separator wpb_content_element vc_separator_align_center vc_sep_width_100 vc_sep_pos_align_center vc_separator_no_text\" ><span class=\"vc_sep_holder vc_sep_holder_l\"><span style=\"border-color:#d1d1d1;\" class=\"vc_sep_line\"><\/span><\/span><span class=\"vc_sep_holder vc_sep_holder_r\"><span style=\"border-color:#d1d1d1;\" class=\"vc_sep_line\"><\/span><\/span>\n<\/div><div class=\"vc_row wpb_row vc_inner vc_row-fluid\"><div class=\"wpb_column vc_column_container vc_col-sm-8\"><div class=\"vc_column-inner\"><div class=\"wpb_wrapper\">\n\t<div class=\"wpb_text_column wpb_content_element  vc_custom_1707069771155\" >\n\t\t<div class=\"wpb_wrapper\">\n\t\t\t<h4><span style=\"color: #ffffff;\"><strong>ELECTRICAL INJECTION MOLDING MACHINES<\/strong><\/span><\/h4>\n<p><span style=\"color: #ffffff;\">Product line: FE Series<\/span><\/p>\n\n\t\t<\/div>\n\t<\/div>\n\n\t<div class=\"wpb_text_column wpb_content_element\" >\n\t\t<div class=\"wpb_wrapper\">\n\t\t\t<ul>\n<li>Fast and closed-loop control system with outstanding performance repeatability.<\/li>\n<li>The patented central suspension system creates uniform closing force, reducing deflection of the movable platen.<\/li>\n<li>Drive powered by servo motors with ball screws.<\/li>\n<\/ul>\n\n\t\t<\/div>\n\t<\/div>\n<div class=\"vc_btn3-container vc_btn3-inline\" ><a class=\"vc_general vc_btn3 vc_btn3-size-md vc_btn3-shape-square vc_btn3-style-modern vc_btn3-icon-left vc_btn3-color-default\" href=\"https:\/\/bimmslovakia.sk\/en\/produkty\/\" title=\"Products\"><i class=\"vc_btn3-icon fas fa-angle-double-right\"><\/i> View products<\/a><\/div><\/div><\/div><\/div><div class=\"wpb_column vc_column_container vc_col-sm-4\"><div class=\"vc_column-inner\"><div class=\"wpb_wrapper\">\n\t<div  class=\"wpb_single_image wpb_content_element vc_align_left\">\n\t\t\n\t\t<figure class=\"wpb_wrapper vc_figure\">\n\t\t\t<div class=\"vc_single_image-wrapper   vc_box_border_grey\"><img loading=\"lazy\" decoding=\"async\" width=\"600\" height=\"450\" src=\"https:\/\/bimmslovakia.sk\/wp-content\/uploads\/2024\/01\/FE_series.jpg\" class=\"vc_single_image-img attachment-full\" alt=\"Elektrick\u00e9 vstrekovacie lisy FE\" title=\"FE_series\" srcset=\"https:\/\/bimmslovakia.sk\/wp-content\/uploads\/2024\/01\/FE_series.jpg 600w, https:\/\/bimmslovakia.sk\/wp-content\/uploads\/2024\/01\/FE_series-300x225.jpg 300w\" sizes=\"auto, (max-width: 600px) 100vw, 600px\" \/><\/div>\n\t\t<\/figure>\n\t<\/div>\n<\/div><\/div><\/div><\/div><div class=\"vc_separator wpb_content_element vc_separator_align_center vc_sep_width_100 vc_sep_pos_align_center vc_separator_no_text\" ><span class=\"vc_sep_holder vc_sep_holder_l\"><span style=\"border-color:#d1d1d1;\" class=\"vc_sep_line\"><\/span><\/span><span class=\"vc_sep_holder vc_sep_holder_r\"><span style=\"border-color:#d1d1d1;\" class=\"vc_sep_line\"><\/span><\/span>\n<\/div><div class=\"vc_row wpb_row vc_inner vc_row-fluid\"><div class=\"wpb_column vc_column_container vc_col-sm-8\"><div class=\"vc_column-inner\"><div class=\"wpb_wrapper\">\n\t<div class=\"wpb_text_column wpb_content_element  vc_custom_1707074642634\" >\n\t\t<div class=\"wpb_wrapper\">\n\t\t\t<h4><span style=\"color: #ffffff;\"><strong>IMM with added carbon fibers, multi-injection IMM, and high-volume injection molding machines.<\/strong><\/span><\/h4>\n<p><span style=\"color: #ffffff;\">Product lines : CIML, MK, LVIMM.<\/span><\/p>\n\n\t\t<\/div>\n\t<\/div>\n\n\t<div class=\"wpb_text_column wpb_content_element\" >\n\t\t<div class=\"wpb_wrapper\">\n\t\t\t<ul>\n<li>We also offer injection molding machines for carbon fiber reinforced injection molding<\/li>\n<li>Multi-injection units IMM<\/li>\n<li>High clamp force and high-volume injection molding machines.<\/li>\n<\/ul>\n<p>&nbsp;<\/p>\n<p>For inquiries regarding these types of machines, please contact us for further information and clarification.<\/p>\n\n\t\t<\/div>\n\t<\/div>\n<div class=\"vc_btn3-container vc_btn3-inline\" ><a class=\"vc_general vc_btn3 vc_btn3-size-md vc_btn3-shape-square vc_btn3-style-modern vc_btn3-icon-left vc_btn3-color-default\" href=\"https:\/\/bimmslovakia.sk\/en\/produkty\/\" title=\"Products\"><i class=\"vc_btn3-icon fas fa-angle-double-right\"><\/i> View products<\/a><\/div><\/div><\/div><\/div><div class=\"wpb_column vc_column_container vc_col-sm-4\"><div class=\"vc_column-inner\"><div class=\"wpb_wrapper\">\n\t<div  class=\"wpb_single_image wpb_content_element vc_align_left\">\n\t\t\n\t\t<figure class=\"wpb_wrapper vc_figure\">\n\t\t\t<div class=\"vc_single_image-wrapper   vc_box_border_grey\"><img loading=\"lazy\" decoding=\"async\" width=\"600\" height=\"280\" src=\"https:\/\/bimmslovakia.sk\/wp-content\/uploads\/2024\/02\/carbon-fiber-imm.jpg\" class=\"vc_single_image-img attachment-full\" alt=\"\" title=\"carbon-fiber-imm\" srcset=\"https:\/\/bimmslovakia.sk\/wp-content\/uploads\/2024\/02\/carbon-fiber-imm.jpg 600w, https:\/\/bimmslovakia.sk\/wp-content\/uploads\/2024\/02\/carbon-fiber-imm-300x140.jpg 300w\" sizes=\"auto, (max-width: 600px) 100vw, 600px\" \/><\/div>\n\t\t<\/figure>\n\t<\/div>\n<\/div><\/div><\/div><\/div><div class=\"vc_separator wpb_content_element vc_separator_align_center vc_sep_width_100 vc_sep_pos_align_center vc_separator_no_text\" ><span class=\"vc_sep_holder vc_sep_holder_l\"><span style=\"border-color:#d1d1d1;\" class=\"vc_sep_line\"><\/span><\/span><span class=\"vc_sep_holder vc_sep_holder_r\"><span style=\"border-color:#d1d1d1;\" class=\"vc_sep_line\"><\/span><\/span>\n<\/div><\/div><\/div><\/div><\/div>\n<\/div>","protected":false},"excerpt":{"rendered":"KTO SME A \u010cO PON\u00daKAME ? BOLE je vysoko technologick\u00fd podnik zameran\u00fd na v\u00fdskum, v\u00fdvoj a v\u00fdrobu presn\u00fdch strojov\u00fdch zariaden\u00ed. Pri svojej \u010dinnosti uplat\u0148uje model 'technol\u00f3gie z Nemecka, vyr\u00e1ba v \u010c\u00edne', integruje dizajn, v\u00fdrobu, mont\u00e1\u017e, testovanie a predaj. Poskytuje z\u00e1kazn\u00edkom kompletn\u00e9 a profesion\u00e1lne zariadenia na injek\u010dn\u00e9 lisovanie. https:\/\/bimmslovakia.sk\/wp-content\/uploads\/2024\/01\/Bole_Animation.mp4 Ponuka na\u0161ich vstrekovacich lisov HYDRAULICK\u00c9 VSTREKOVACIE LISY <a href=\"https:\/\/bimmslovakia.sk\/en\/\" class=\"more-link\">...<span class=\"screen-reader-text\">  Home<\/span><\/a>","protected":false},"author":1,"featured_media":0,"parent":0,"menu_order":0,"comment_status":"closed","ping_status":"closed","template":"page-fullwidthpagenoheading.php","meta":{"footnotes":""},"class_list":["post-6","page","type-page","status-publish","hentry"],"_links":{"self":[{"href":"https:\/\/bimmslovakia.sk\/en\/wp-json\/wp\/v2\/pages\/6","targetHints":{"allow":["GET"]}}],"collection":[{"href":"https:\/\/bimmslovakia.sk\/en\/wp-json\/wp\/v2\/pages"}],"about":[{"href":"https:\/\/bimmslovakia.sk\/en\/wp-json\/wp\/v2\/types\/page"}],"author":[{"embeddable":true,"href":"https:\/\/bimmslovakia.sk\/en\/wp-json\/wp\/v2\/users\/1"}],"replies":[{"embeddable":true,"href":"https:\/\/bimmslovakia.sk\/en\/wp-json\/wp\/v2\/comments?post=6"}],"version-history":[{"count":22,"href":"https:\/\/bimmslovakia.sk\/en\/wp-json\/wp\/v2\/pages\/6\/revisions"}],"predecessor-version":[{"id":212,"href":"https:\/\/bimmslovakia.sk\/en\/wp-json\/wp\/v2\/pages\/6\/revisions\/212"}],"wp:attachment":[{"href":"https:\/\/bimmslovakia.sk\/en\/wp-json\/wp\/v2\/media?parent=6"}],"curies":[{"name":"wp","href":"https:\/\/api.w.org\/{rel}","templated":true}]}}