{"id":8,"date":"2024-01-25T10:05:53","date_gmt":"2024-01-25T09:05:53","guid":{"rendered":"https:\/\/vodapreteba.sk\/?page_id=8"},"modified":"2024-02-05T19:10:34","modified_gmt":"2024-02-05T18:10:34","slug":"o-firme","status":"publish","type":"page","link":"https:\/\/bimmslovakia.sk\/en\/o-firme\/","title":{"rendered":"Our company"},"content":{"rendered":"<div class=\"wpb-content-wrapper\"><div class=\"vc_row wpb_row vc_row-fluid\"><div class=\"wpb_column vc_column_container vc_col-sm-12\"><div class=\"vc_column-inner\"><div class=\"wpb_wrapper\">\n\t<div class=\"wpb_text_column wpb_content_element  vc_custom_1707140721001\" >\n\t\t<div class=\"wpb_wrapper\">\n\t\t\t<h3 style=\"color: #ff0000; text-align: center;\"><strong>BOLE MACHINERY<\/strong><\/h3>\n<p style=\"text-align: center;\"><strong>We use European technological standards.<\/strong><\/p>\n\n\t\t<\/div>\n\t<\/div>\n<\/div><\/div><\/div><\/div><div class=\"vc_row wpb_row vc_row-fluid\"><div class=\"wpb_column vc_column_container vc_col-sm-12 vc_col-has-fill\"><div class=\"vc_column-inner vc_custom_1706680898939\"><div class=\"wpb_wrapper\">\n\t<div class=\"wpb_text_column wpb_content_element\" >\n\t\t<div class=\"wpb_wrapper\">\n\t\t\t<h3>MEMBER OF PRODUCENTS <em style=\"color: #ff0000;\">CHENGLU GROUP<\/em><\/h3>\n<p>We are a high-tech enterprise specializing in research, development, and manufacturing of precision machinery devices.<\/p>\n\n\t\t<\/div>\n\t<\/div>\n<div class=\"vc_row wpb_row vc_inner vc_row-fluid\"><div class=\"wpb_column vc_column_container vc_col-sm-6\"><div class=\"vc_column-inner vc_custom_1706681229843\"><div class=\"wpb_wrapper\">\n\t<div class=\"wpb_text_column wpb_content_element  vc_custom_1706681433028\" >\n\t\t<div class=\"wpb_wrapper\">\n\t\t\t<h3 style=\"color: #ff0000;\">\u00bb German origin<\/h3>\n<p>BOLE adopts the mode of technology from Germany, made in China, integrates design, manufacture, assembly, testing and sales, and provides complete and professional Injection Moulding devices for customers<\/p>\n<p>&nbsp;<\/p>\n<p>BOLE Injection Moulding Machines are developed and directed by German experts. The range of products covers nearly 100 specifications and 6 main series, including high-precision Two-Platen DK series, hydraulic servo EK-S series, full-electric FE series, Carbon-Fiber Products Intelligent Moulding Line CIML series, high-speed HK series and multi-materials injection MK series. The range of clamping force is from 70 ton to 6800 ton, and the range of injection weight is from 65g to 60000g<\/p>\n\n\t\t<\/div>\n\t<\/div>\n<\/div><\/div><\/div><div class=\"wpb_column vc_column_container vc_col-sm-6\"><div class=\"vc_column-inner\"><div class=\"wpb_wrapper\">\n\t<div class=\"wpb_text_column wpb_content_element  vc_custom_1706681613703\" >\n\t\t<div class=\"wpb_wrapper\">\n\t\t\t<h3 style=\"color: #ff0000;\">\u00bb Market recognition<\/h3>\n<p>As a latecomer in China\u2019s injection moulding machine market, BOLE keeps competing with other brands, and wins the trust from customers with high-performance and high-stability product as well as customized service.<\/p>\n<p>&nbsp;<\/p>\n<p>So far, BOLE injection moulding machines have been sold and exported to more than 70 countries. Especially in the last three years, the developed countries in America and Europe have grown into the main markets of BOLE.<\/p>\n\n\t\t<\/div>\n\t<\/div>\n<\/div><\/div><\/div><\/div>\n\t<div class=\"wpb_text_column wpb_content_element  vc_custom_1706681866901\" >\n\t\t<div class=\"wpb_wrapper\">\n\t\t\t<h2 style=\"text-align: center;\"><strong><span style=\"color: #ffffff;\">LONG-TERM PARTNERS<\/span><\/strong><\/h2>\n<p style=\"text-align: center;\"><span style=\"color: #ffffff;\">BOLE proposes a comprehensive strategic partnership with the well-known household appliances enterprises including GREE, TCL, AUX, etc. Meanwhile, BOLE plays an important role in Auto industry and builds a strategic cooperation with famous auto-part suppliers including Ningbo HuaXiang Group, Germany Adler Pelzer Group, etc. So far BOLE has entered the supporting systems of Auto-part manufacturers and suppliers including Beijing Benz, Shenyang Huachen BMW, China FAW Group, Shanghai Volkswagen, Shanghai General Motors, Geely Automobile, etc.<\/span><\/p>\n\n\t\t<\/div>\n\t<\/div>\n\n\t<div class=\"wpb_text_column wpb_content_element  vc_custom_1706682177534\" >\n\t\t<div class=\"wpb_wrapper\">\n\t\t\t<h3 style=\"color: #ff0000;\">Future of BOLE<\/h3>\n<p><em>In the future BOLE will take intelligence, efficiency, precision and energy saving as the direction of innovation and development, and concentrate on improving the core competitiveness of customers<\/em><\/p>\n<p>&nbsp;<\/p>\n<p>Besides, BOLE will also continue to advance the path integrated by Hi-Tech industry development, professional production and perfect sales, and establish a sustainable modern high-tech brand.<\/p>\n\n\t\t<\/div>\n\t<\/div>\n<\/div><\/div><\/div><\/div>\n<\/div>","protected":false},"excerpt":{"rendered":"BOLE MACHINERY Pou\u017e\u00edvame eur\u00f3pske technologick\u00e9 \u0161tandardy. PATR\u00cdME DO ZOSKUPENIA V\u00ddROBCOV CHENGLU GROUP Sme high-tech podnik, ktor\u00fd sa zameriava na v\u00fdskum, v\u00fdvoj a v\u00fdrobu presn\u00fdch strojov\u00fdch zariaden\u00ed. \u00bb Nemeck\u00fd p\u00f4vod BOLE prevzalo model technol\u00f3gie z Nemecka, v\u00fdroba v \u010c\u00edne', integruje dizajn, v\u00fdrobu, mont\u00e1\u017e, testovanie a predaj a poskytuje z\u00e1kazn\u00edkom kompletn\u00e9 a profesion\u00e1lne zariadenia na injek\u010dn\u00e9 lisovanie. <a href=\"https:\/\/bimmslovakia.sk\/en\/o-firme\/\" class=\"more-link\">...<span class=\"screen-reader-text\">  Our company<\/span><\/a>","protected":false},"author":1,"featured_media":0,"parent":0,"menu_order":0,"comment_status":"closed","ping_status":"closed","template":"page-fullwidthpagenoheading.php","meta":{"footnotes":""},"class_list":["post-8","page","type-page","status-publish","hentry"],"_links":{"self":[{"href":"https:\/\/bimmslovakia.sk\/en\/wp-json\/wp\/v2\/pages\/8","targetHints":{"allow":["GET"]}}],"collection":[{"href":"https:\/\/bimmslovakia.sk\/en\/wp-json\/wp\/v2\/pages"}],"about":[{"href":"https:\/\/bimmslovakia.sk\/en\/wp-json\/wp\/v2\/types\/page"}],"author":[{"embeddable":true,"href":"https:\/\/bimmslovakia.sk\/en\/wp-json\/wp\/v2\/users\/1"}],"replies":[{"embeddable":true,"href":"https:\/\/bimmslovakia.sk\/en\/wp-json\/wp\/v2\/comments?post=8"}],"version-history":[{"count":11,"href":"https:\/\/bimmslovakia.sk\/en\/wp-json\/wp\/v2\/pages\/8\/revisions"}],"predecessor-version":[{"id":201,"href":"https:\/\/bimmslovakia.sk\/en\/wp-json\/wp\/v2\/pages\/8\/revisions\/201"}],"wp:attachment":[{"href":"https:\/\/bimmslovakia.sk\/en\/wp-json\/wp\/v2\/media?parent=8"}],"curies":[{"name":"wp","href":"https:\/\/api.w.org\/{rel}","templated":true}]}}